{"id":9425,"date":"2020-01-27T04:17:09","date_gmt":"2020-01-27T04:17:09","guid":{"rendered":"https:\/\/www.sadcmegantic.ca\/documents-et-liens-utiles\/rapports-annuels-sadc-region-de-megantic\/"},"modified":"2025-09-02T15:50:22","modified_gmt":"2025-09-02T19:50:22","slug":"annual-reports","status":"publish","type":"page","link":"https:\/\/www.sadcmegantic.ca\/en\/ressources\/annual-reports\/","title":{"rendered":"Annual Reports"},"content":{"rendered":"<p>[vc_row][vc_column][vc_column_text]Since its foundation in 1984, SADC r\u00e9gion de M\u00e9gantic has invested close to 33 million dollars in financing businesses and 4.7 million dollars in local community projects.<\/p>\n<p><span style=\"color: #ff9900;\"><em>Please note that all annual reports are in French.<\/em><\/span>[\/vc_column_text][\/vc_column][\/vc_row][vc_row][vc_column width=&#8221;1\/3&#8243;]<div class='dt-sc-icon-box type2 '><div class=\"icon-wrapper\"><img loading=\"lazy\" decoding=\"async\" width=\"1275\" height=\"1650\" src=\"https:\/\/www.sadcmegantic.ca\/wp-content\/uploads\/2025\/06\/RA-2024-25-SADC-REGION-MEGANTIC-page-couverture.jpg\" class=\"attachment-full\" alt=\"\" srcset=\"https:\/\/www.sadcmegantic.ca\/wp-content\/uploads\/2025\/06\/RA-2024-25-SADC-REGION-MEGANTIC-page-couverture.jpg 1275w, https:\/\/www.sadcmegantic.ca\/wp-content\/uploads\/2025\/06\/RA-2024-25-SADC-REGION-MEGANTIC-page-couverture-232x300.jpg 232w, https:\/\/www.sadcmegantic.ca\/wp-content\/uploads\/2025\/06\/RA-2024-25-SADC-REGION-MEGANTIC-page-couverture-791x1024.jpg 791w, https:\/\/www.sadcmegantic.ca\/wp-content\/uploads\/2025\/06\/RA-2024-25-SADC-REGION-MEGANTIC-page-couverture-768x994.jpg 768w, https:\/\/www.sadcmegantic.ca\/wp-content\/uploads\/2025\/06\/RA-2024-25-SADC-REGION-MEGANTIC-page-couverture-1187x1536.jpg 1187w, https:\/\/www.sadcmegantic.ca\/wp-content\/uploads\/2025\/06\/RA-2024-25-SADC-REGION-MEGANTIC-page-couverture-500x647.jpg 500w\" sizes=\"auto, (max-width: 1275px) 100vw, 1275px\" \/><\/div><div class=\"icon-content\"><h4><a href='https:\/\/www.sadcmegantic.ca\/wp-content\/uploads\/2025\/06\/RA-2024-25-SADC-REGION-MEGANTIC.pdf' title='' target='_self'>Rapport annuel 2024-2025<\/a><\/h4><p><\/p><\/div><\/div>[\/vc_column][vc_column width=&#8221;1\/3&#8243;]<div class='dt-sc-icon-box type2 '><div class=\"icon-wrapper\"><img loading=\"lazy\" decoding=\"async\" width=\"1978\" height=\"2560\" src=\"https:\/\/www.sadcmegantic.ca\/wp-content\/uploads\/2024\/06\/page-couverture-RA-2023-24-scaled.jpg\" class=\"attachment-full\" alt=\"\" srcset=\"https:\/\/www.sadcmegantic.ca\/wp-content\/uploads\/2024\/06\/page-couverture-RA-2023-24-scaled.jpg 1978w, https:\/\/www.sadcmegantic.ca\/wp-content\/uploads\/2024\/06\/page-couverture-RA-2023-24-232x300.jpg 232w, https:\/\/www.sadcmegantic.ca\/wp-content\/uploads\/2024\/06\/page-couverture-RA-2023-24-791x1024.jpg 791w, https:\/\/www.sadcmegantic.ca\/wp-content\/uploads\/2024\/06\/page-couverture-RA-2023-24-768x994.jpg 768w, https:\/\/www.sadcmegantic.ca\/wp-content\/uploads\/2024\/06\/page-couverture-RA-2023-24-1187x1536.jpg 1187w, https:\/\/www.sadcmegantic.ca\/wp-content\/uploads\/2024\/06\/page-couverture-RA-2023-24-1583x2048.jpg 1583w, https:\/\/www.sadcmegantic.ca\/wp-content\/uploads\/2024\/06\/page-couverture-RA-2023-24-500x647.jpg 500w\" sizes=\"auto, (max-width: 1978px) 100vw, 1978px\" \/><\/div><div class=\"icon-content\"><h4><a href='https:\/\/www.sadcmegantic.ca\/wp-content\/uploads\/2024\/06\/RAPPORT-ANNUEL-SADC-REGION-MEGANTIC-2023-24.pdf' title='' target='_self'>Rapport annuel 2023-2024<\/a><\/h4><p><\/p><\/div><\/div>[\/vc_column][vc_column width=&#8221;1\/3&#8243;]<div class='dt-sc-icon-box type2 '><div class=\"icon-wrapper\"><img loading=\"lazy\" decoding=\"async\" width=\"1978\" height=\"2560\" src=\"https:\/\/www.sadcmegantic.ca\/wp-content\/uploads\/2023\/06\/page-couverture-Rapport-annuel-SADC-2022-23-scaled.jpg\" class=\"attachment-full\" alt=\"\" srcset=\"https:\/\/www.sadcmegantic.ca\/wp-content\/uploads\/2023\/06\/page-couverture-Rapport-annuel-SADC-2022-23-scaled.jpg 1978w, https:\/\/www.sadcmegantic.ca\/wp-content\/uploads\/2023\/06\/page-couverture-Rapport-annuel-SADC-2022-23-232x300.jpg 232w, https:\/\/www.sadcmegantic.ca\/wp-content\/uploads\/2023\/06\/page-couverture-Rapport-annuel-SADC-2022-23-791x1024.jpg 791w, https:\/\/www.sadcmegantic.ca\/wp-content\/uploads\/2023\/06\/page-couverture-Rapport-annuel-SADC-2022-23-768x994.jpg 768w, https:\/\/www.sadcmegantic.ca\/wp-content\/uploads\/2023\/06\/page-couverture-Rapport-annuel-SADC-2022-23-1187x1536.jpg 1187w, https:\/\/www.sadcmegantic.ca\/wp-content\/uploads\/2023\/06\/page-couverture-Rapport-annuel-SADC-2022-23-1583x2048.jpg 1583w, https:\/\/www.sadcmegantic.ca\/wp-content\/uploads\/2023\/06\/page-couverture-Rapport-annuel-SADC-2022-23-500x647.jpg 500w\" sizes=\"auto, (max-width: 1978px) 100vw, 1978px\" \/><\/div><div class=\"icon-content\"><h4><a href='https:\/\/www.sadcmegantic.ca\/wp-content\/uploads\/2023\/06\/Rapport-annuel-SADC-2022-23.pdf' title='' target=' _blank'>Rapport annuel 2022-2023<\/a><\/h4><p><\/p><\/div><\/div>[\/vc_column][\/vc_row][vc_row][vc_column width=&#8221;1\/3&#8243;]<div class='dt-sc-icon-box type2 '><div class=\"icon-wrapper\"><img loading=\"lazy\" decoding=\"async\" width=\"1275\" height=\"1650\" src=\"https:\/\/www.sadcmegantic.ca\/wp-content\/uploads\/2022\/06\/RapportAnnuel-2021-2022-SADC-Megantic-page-couverture.jpg\" class=\"attachment-full\" alt=\"\" srcset=\"https:\/\/www.sadcmegantic.ca\/wp-content\/uploads\/2022\/06\/RapportAnnuel-2021-2022-SADC-Megantic-page-couverture.jpg 1275w, https:\/\/www.sadcmegantic.ca\/wp-content\/uploads\/2022\/06\/RapportAnnuel-2021-2022-SADC-Megantic-page-couverture-232x300.jpg 232w, https:\/\/www.sadcmegantic.ca\/wp-content\/uploads\/2022\/06\/RapportAnnuel-2021-2022-SADC-Megantic-page-couverture-791x1024.jpg 791w, https:\/\/www.sadcmegantic.ca\/wp-content\/uploads\/2022\/06\/RapportAnnuel-2021-2022-SADC-Megantic-page-couverture-768x994.jpg 768w, https:\/\/www.sadcmegantic.ca\/wp-content\/uploads\/2022\/06\/RapportAnnuel-2021-2022-SADC-Megantic-page-couverture-1187x1536.jpg 1187w, https:\/\/www.sadcmegantic.ca\/wp-content\/uploads\/2022\/06\/RapportAnnuel-2021-2022-SADC-Megantic-page-couverture-500x647.jpg 500w\" sizes=\"auto, (max-width: 1275px) 100vw, 1275px\" \/><\/div><div class=\"icon-content\"><h4><a href='https:\/\/www.flipsnack.com\/sonpag\/rapportannuel-2021-2022-sadc-megantic-final.html' title='' target=' _blank'>Rapport annuel 2021-2022<\/a><\/h4><p><\/p><\/div><\/div>[\/vc_column][vc_column width=&#8221;1\/3&#8243;]<div class='dt-sc-icon-box type2 '><div class=\"icon-wrapper\"><img loading=\"lazy\" decoding=\"async\" width=\"1978\" height=\"2560\" src=\"https:\/\/www.sadcmegantic.ca\/wp-content\/uploads\/2024\/06\/page-couverture-RA-2023-24-scaled.jpg\" class=\"attachment-full\" alt=\"\" srcset=\"https:\/\/www.sadcmegantic.ca\/wp-content\/uploads\/2024\/06\/page-couverture-RA-2023-24-scaled.jpg 1978w, https:\/\/www.sadcmegantic.ca\/wp-content\/uploads\/2024\/06\/page-couverture-RA-2023-24-232x300.jpg 232w, https:\/\/www.sadcmegantic.ca\/wp-content\/uploads\/2024\/06\/page-couverture-RA-2023-24-791x1024.jpg 791w, https:\/\/www.sadcmegantic.ca\/wp-content\/uploads\/2024\/06\/page-couverture-RA-2023-24-768x994.jpg 768w, https:\/\/www.sadcmegantic.ca\/wp-content\/uploads\/2024\/06\/page-couverture-RA-2023-24-1187x1536.jpg 1187w, https:\/\/www.sadcmegantic.ca\/wp-content\/uploads\/2024\/06\/page-couverture-RA-2023-24-1583x2048.jpg 1583w, https:\/\/www.sadcmegantic.ca\/wp-content\/uploads\/2024\/06\/page-couverture-RA-2023-24-500x647.jpg 500w\" sizes=\"auto, (max-width: 1978px) 100vw, 1978px\" \/><\/div><div class=\"icon-content\"><h4><a href='https:\/\/www.sadcmegantic.ca\/wp-content\/uploads\/2024\/06\/RAPPORT-ANNUEL-SADC-REGION-MEGANTIC-2023-24.pdf' title='' target='_self'>Rapport annuel 2023-2024<\/a><\/h4><p><\/p><\/div><\/div>[\/vc_column][vc_column width=&#8221;1\/3&#8243;]<div class='dt-sc-icon-box type2 '><div class=\"icon-wrapper\"><img loading=\"lazy\" decoding=\"async\" width=\"1978\" height=\"2560\" src=\"https:\/\/www.sadcmegantic.ca\/wp-content\/uploads\/2023\/06\/page-couverture-Rapport-annuel-SADC-2022-23-scaled.jpg\" class=\"attachment-full\" alt=\"\" srcset=\"https:\/\/www.sadcmegantic.ca\/wp-content\/uploads\/2023\/06\/page-couverture-Rapport-annuel-SADC-2022-23-scaled.jpg 1978w, https:\/\/www.sadcmegantic.ca\/wp-content\/uploads\/2023\/06\/page-couverture-Rapport-annuel-SADC-2022-23-232x300.jpg 232w, https:\/\/www.sadcmegantic.ca\/wp-content\/uploads\/2023\/06\/page-couverture-Rapport-annuel-SADC-2022-23-791x1024.jpg 791w, https:\/\/www.sadcmegantic.ca\/wp-content\/uploads\/2023\/06\/page-couverture-Rapport-annuel-SADC-2022-23-768x994.jpg 768w, https:\/\/www.sadcmegantic.ca\/wp-content\/uploads\/2023\/06\/page-couverture-Rapport-annuel-SADC-2022-23-1187x1536.jpg 1187w, https:\/\/www.sadcmegantic.ca\/wp-content\/uploads\/2023\/06\/page-couverture-Rapport-annuel-SADC-2022-23-1583x2048.jpg 1583w, https:\/\/www.sadcmegantic.ca\/wp-content\/uploads\/2023\/06\/page-couverture-Rapport-annuel-SADC-2022-23-500x647.jpg 500w\" sizes=\"auto, (max-width: 1978px) 100vw, 1978px\" \/><\/div><div class=\"icon-content\"><h4><a href='https:\/\/www.sadcmegantic.ca\/wp-content\/uploads\/2023\/06\/Rapport-annuel-SADC-2022-23.pdf' title='' target=' _blank'>Rapport annuel 2022-2023<\/a><\/h4><p><\/p><\/div><\/div>[\/vc_column][\/vc_row]<\/p>\n","protected":false},"excerpt":{"rendered":"<p>[vc_row][vc_column][vc_column_text]Since its foundation in 1984, SADC r\u00e9gion de M\u00e9gantic has invested close to 33 million dollars in financing businesses and 4.7 million dollars in local community projects. Please note that [&hellip;]<\/p>\n","protected":false},"author":1,"featured_media":3050,"parent":9415,"menu_order":0,"comment_status":"closed","ping_status":"closed","template":"","meta":{"footnotes":""},"class_list":["post-9425","page","type-page","status-publish","has-post-thumbnail","hentry"],"yoast_head":"<!-- This site is optimized with the Yoast SEO plugin v24.6 - https:\/\/yoast.com\/wordpress\/plugins\/seo\/ -->\n<title>Annual Reports &#8212; SADC r\u00e9gion de M\u00e9gantic<\/title>\n<meta name=\"robots\" content=\"index, follow, max-snippet:-1, max-image-preview:large, max-video-preview:-1\" \/>\n<link rel=\"canonical\" href=\"https:\/\/www.sadcmegantic.ca\/en\/ressources\/annual-reports\/\" \/>\n<meta property=\"og:locale\" content=\"en_US\" \/>\n<meta property=\"og:type\" content=\"article\" \/>\n<meta property=\"og:title\" content=\"Annual Reports &#8212; SADC r\u00e9gion de M\u00e9gantic\" \/>\n<meta property=\"og:description\" content=\"[vc_row][vc_column][vc_column_text]Since its foundation in 1984, SADC r\u00e9gion de M\u00e9gantic has invested close to 33 million dollars in financing businesses and 4.7 million dollars in local community projects. Please note that [&hellip;]\" \/>\n<meta property=\"og:url\" content=\"https:\/\/www.sadcmegantic.ca\/en\/ressources\/annual-reports\/\" \/>\n<meta property=\"og:site_name\" content=\"SADC r\u00e9gion de M\u00e9gantic\" \/>\n<meta property=\"article:publisher\" content=\"https:\/\/www.facebook.com\/sadcmegantic\/\" \/>\n<meta property=\"article:modified_time\" content=\"2025-09-02T19:50:22+00:00\" \/>\n<meta property=\"og:image\" content=\"https:\/\/www.sadcmegantic.ca\/wp-content\/uploads\/2020\/03\/bandeau-publications.jpg\" \/>\n\t<meta property=\"og:image:width\" content=\"2000\" \/>\n\t<meta property=\"og:image:height\" content=\"881\" \/>\n\t<meta property=\"og:image:type\" content=\"image\/jpeg\" \/>\n<meta name=\"twitter:card\" content=\"summary_large_image\" \/>\n<meta name=\"twitter:label1\" content=\"Est. reading time\" \/>\n\t<meta name=\"twitter:data1\" content=\"1 minute\" \/>\n<script type=\"application\/ld+json\" class=\"yoast-schema-graph\">{\"@context\":\"https:\/\/schema.org\",\"@graph\":[{\"@type\":\"WebPage\",\"@id\":\"https:\/\/www.sadcmegantic.ca\/en\/ressources\/annual-reports\/\",\"url\":\"https:\/\/www.sadcmegantic.ca\/en\/ressources\/annual-reports\/\",\"name\":\"Annual Reports &#8212; SADC r\u00e9gion de M\u00e9gantic\",\"isPartOf\":{\"@id\":\"https:\/\/www.sadcmegantic.ca\/en\/#website\"},\"primaryImageOfPage\":{\"@id\":\"https:\/\/www.sadcmegantic.ca\/en\/ressources\/annual-reports\/#primaryimage\"},\"image\":{\"@id\":\"https:\/\/www.sadcmegantic.ca\/en\/ressources\/annual-reports\/#primaryimage\"},\"thumbnailUrl\":\"https:\/\/www.sadcmegantic.ca\/wp-content\/uploads\/2020\/03\/bandeau-publications.jpg\",\"datePublished\":\"2020-01-27T04:17:09+00:00\",\"dateModified\":\"2025-09-02T19:50:22+00:00\",\"breadcrumb\":{\"@id\":\"https:\/\/www.sadcmegantic.ca\/en\/ressources\/annual-reports\/#breadcrumb\"},\"inLanguage\":\"en-US\",\"potentialAction\":[{\"@type\":\"ReadAction\",\"target\":[\"https:\/\/www.sadcmegantic.ca\/en\/ressources\/annual-reports\/\"]}]},{\"@type\":\"ImageObject\",\"inLanguage\":\"en-US\",\"@id\":\"https:\/\/www.sadcmegantic.ca\/en\/ressources\/annual-reports\/#primaryimage\",\"url\":\"https:\/\/www.sadcmegantic.ca\/wp-content\/uploads\/2020\/03\/bandeau-publications.jpg\",\"contentUrl\":\"https:\/\/www.sadcmegantic.ca\/wp-content\/uploads\/2020\/03\/bandeau-publications.jpg\",\"width\":2000,\"height\":881},{\"@type\":\"BreadcrumbList\",\"@id\":\"https:\/\/www.sadcmegantic.ca\/en\/ressources\/annual-reports\/#breadcrumb\",\"itemListElement\":[{\"@type\":\"ListItem\",\"position\":1,\"name\":\"Accueil\",\"item\":\"https:\/\/www.sadcmegantic.ca\/en\/\"},{\"@type\":\"ListItem\",\"position\":2,\"name\":\"Ressources\",\"item\":\"https:\/\/www.sadcmegantic.ca\/en\/ressources\/\"},{\"@type\":\"ListItem\",\"position\":3,\"name\":\"Annual Reports\"}]},{\"@type\":\"WebSite\",\"@id\":\"https:\/\/www.sadcmegantic.ca\/en\/#website\",\"url\":\"https:\/\/www.sadcmegantic.ca\/en\/\",\"name\":\"SADC r\u00e9gion de Lac-M\u00e9gantic\",\"description\":\"40 years of support, financing and development\",\"publisher\":{\"@id\":\"https:\/\/www.sadcmegantic.ca\/en\/#organization\"},\"potentialAction\":[{\"@type\":\"SearchAction\",\"target\":{\"@type\":\"EntryPoint\",\"urlTemplate\":\"https:\/\/www.sadcmegantic.ca\/en\/?s={search_term_string}\"},\"query-input\":{\"@type\":\"PropertyValueSpecification\",\"valueRequired\":true,\"valueName\":\"search_term_string\"}}],\"inLanguage\":\"en-US\"},{\"@type\":\"Organization\",\"@id\":\"https:\/\/www.sadcmegantic.ca\/en\/#organization\",\"name\":\"SADC r\u00e9gion de M\u00e9gantic\",\"url\":\"https:\/\/www.sadcmegantic.ca\/en\/\",\"logo\":{\"@type\":\"ImageObject\",\"inLanguage\":\"en-US\",\"@id\":\"https:\/\/www.sadcmegantic.ca\/en\/#\/schema\/logo\/image\/\",\"url\":\"https:\/\/www.sadcmegantic.ca\/wp-content\/uploads\/2020\/01\/logo-sadc-region-de-megantic-e1579289570938.png\",\"contentUrl\":\"https:\/\/www.sadcmegantic.ca\/wp-content\/uploads\/2020\/01\/logo-sadc-region-de-megantic-e1579289570938.png\",\"width\":171,\"height\":80,\"caption\":\"SADC r\u00e9gion de M\u00e9gantic\"},\"image\":{\"@id\":\"https:\/\/www.sadcmegantic.ca\/en\/#\/schema\/logo\/image\/\"},\"sameAs\":[\"https:\/\/www.facebook.com\/sadcmegantic\/\"]}]}<\/script>\n<!-- \/ Yoast SEO plugin. -->","yoast_head_json":{"title":"Annual Reports &#8212; SADC r\u00e9gion de M\u00e9gantic","robots":{"index":"index","follow":"follow","max-snippet":"max-snippet:-1","max-image-preview":"max-image-preview:large","max-video-preview":"max-video-preview:-1"},"canonical":"https:\/\/www.sadcmegantic.ca\/en\/ressources\/annual-reports\/","og_locale":"en_US","og_type":"article","og_title":"Annual Reports &#8212; SADC r\u00e9gion de M\u00e9gantic","og_description":"[vc_row][vc_column][vc_column_text]Since its foundation in 1984, SADC r\u00e9gion de M\u00e9gantic has invested close to 33 million dollars in financing businesses and 4.7 million dollars in local community projects. Please note that [&hellip;]","og_url":"https:\/\/www.sadcmegantic.ca\/en\/ressources\/annual-reports\/","og_site_name":"SADC r\u00e9gion de M\u00e9gantic","article_publisher":"https:\/\/www.facebook.com\/sadcmegantic\/","article_modified_time":"2025-09-02T19:50:22+00:00","og_image":[{"width":2000,"height":881,"url":"https:\/\/www.sadcmegantic.ca\/wp-content\/uploads\/2020\/03\/bandeau-publications.jpg","type":"image\/jpeg"}],"twitter_card":"summary_large_image","twitter_misc":{"Est. reading time":"1 minute"},"schema":{"@context":"https:\/\/schema.org","@graph":[{"@type":"WebPage","@id":"https:\/\/www.sadcmegantic.ca\/en\/ressources\/annual-reports\/","url":"https:\/\/www.sadcmegantic.ca\/en\/ressources\/annual-reports\/","name":"Annual Reports &#8212; SADC r\u00e9gion de M\u00e9gantic","isPartOf":{"@id":"https:\/\/www.sadcmegantic.ca\/en\/#website"},"primaryImageOfPage":{"@id":"https:\/\/www.sadcmegantic.ca\/en\/ressources\/annual-reports\/#primaryimage"},"image":{"@id":"https:\/\/www.sadcmegantic.ca\/en\/ressources\/annual-reports\/#primaryimage"},"thumbnailUrl":"https:\/\/www.sadcmegantic.ca\/wp-content\/uploads\/2020\/03\/bandeau-publications.jpg","datePublished":"2020-01-27T04:17:09+00:00","dateModified":"2025-09-02T19:50:22+00:00","breadcrumb":{"@id":"https:\/\/www.sadcmegantic.ca\/en\/ressources\/annual-reports\/#breadcrumb"},"inLanguage":"en-US","potentialAction":[{"@type":"ReadAction","target":["https:\/\/www.sadcmegantic.ca\/en\/ressources\/annual-reports\/"]}]},{"@type":"ImageObject","inLanguage":"en-US","@id":"https:\/\/www.sadcmegantic.ca\/en\/ressources\/annual-reports\/#primaryimage","url":"https:\/\/www.sadcmegantic.ca\/wp-content\/uploads\/2020\/03\/bandeau-publications.jpg","contentUrl":"https:\/\/www.sadcmegantic.ca\/wp-content\/uploads\/2020\/03\/bandeau-publications.jpg","width":2000,"height":881},{"@type":"BreadcrumbList","@id":"https:\/\/www.sadcmegantic.ca\/en\/ressources\/annual-reports\/#breadcrumb","itemListElement":[{"@type":"ListItem","position":1,"name":"Accueil","item":"https:\/\/www.sadcmegantic.ca\/en\/"},{"@type":"ListItem","position":2,"name":"Ressources","item":"https:\/\/www.sadcmegantic.ca\/en\/ressources\/"},{"@type":"ListItem","position":3,"name":"Annual Reports"}]},{"@type":"WebSite","@id":"https:\/\/www.sadcmegantic.ca\/en\/#website","url":"https:\/\/www.sadcmegantic.ca\/en\/","name":"SADC r\u00e9gion de Lac-M\u00e9gantic","description":"40 years of support, financing and development","publisher":{"@id":"https:\/\/www.sadcmegantic.ca\/en\/#organization"},"potentialAction":[{"@type":"SearchAction","target":{"@type":"EntryPoint","urlTemplate":"https:\/\/www.sadcmegantic.ca\/en\/?s={search_term_string}"},"query-input":{"@type":"PropertyValueSpecification","valueRequired":true,"valueName":"search_term_string"}}],"inLanguage":"en-US"},{"@type":"Organization","@id":"https:\/\/www.sadcmegantic.ca\/en\/#organization","name":"SADC r\u00e9gion de M\u00e9gantic","url":"https:\/\/www.sadcmegantic.ca\/en\/","logo":{"@type":"ImageObject","inLanguage":"en-US","@id":"https:\/\/www.sadcmegantic.ca\/en\/#\/schema\/logo\/image\/","url":"https:\/\/www.sadcmegantic.ca\/wp-content\/uploads\/2020\/01\/logo-sadc-region-de-megantic-e1579289570938.png","contentUrl":"https:\/\/www.sadcmegantic.ca\/wp-content\/uploads\/2020\/01\/logo-sadc-region-de-megantic-e1579289570938.png","width":171,"height":80,"caption":"SADC r\u00e9gion de M\u00e9gantic"},"image":{"@id":"https:\/\/www.sadcmegantic.ca\/en\/#\/schema\/logo\/image\/"},"sameAs":["https:\/\/www.facebook.com\/sadcmegantic\/"]}]}},"_links":{"self":[{"href":"https:\/\/www.sadcmegantic.ca\/en\/wp-json\/wp\/v2\/pages\/9425","targetHints":{"allow":["GET"]}}],"collection":[{"href":"https:\/\/www.sadcmegantic.ca\/en\/wp-json\/wp\/v2\/pages"}],"about":[{"href":"https:\/\/www.sadcmegantic.ca\/en\/wp-json\/wp\/v2\/types\/page"}],"author":[{"embeddable":true,"href":"https:\/\/www.sadcmegantic.ca\/en\/wp-json\/wp\/v2\/users\/1"}],"replies":[{"embeddable":true,"href":"https:\/\/www.sadcmegantic.ca\/en\/wp-json\/wp\/v2\/comments?post=9425"}],"version-history":[{"count":3,"href":"https:\/\/www.sadcmegantic.ca\/en\/wp-json\/wp\/v2\/pages\/9425\/revisions"}],"predecessor-version":[{"id":9933,"href":"https:\/\/www.sadcmegantic.ca\/en\/wp-json\/wp\/v2\/pages\/9425\/revisions\/9933"}],"up":[{"embeddable":true,"href":"https:\/\/www.sadcmegantic.ca\/en\/wp-json\/wp\/v2\/pages\/9415"}],"wp:featuredmedia":[{"embeddable":true,"href":"https:\/\/www.sadcmegantic.ca\/en\/wp-json\/wp\/v2\/media\/3050"}],"wp:attachment":[{"href":"https:\/\/www.sadcmegantic.ca\/en\/wp-json\/wp\/v2\/media?parent=9425"}],"curies":[{"name":"wp","href":"https:\/\/api.w.org\/{rel}","templated":true}]}}